{"id":76918,"date":"2026-03-31T17:44:32","date_gmt":"2026-03-31T15:44:32","guid":{"rendered":"https:\/\/carmencitafilmlab.com\/looks\/"},"modified":"2026-04-02T12:56:51","modified_gmt":"2026-04-02T10:56:51","slug":"looks","status":"publish","type":"page","link":"https:\/\/carmencitafilmlab.com\/fr\/looks\/","title":{"rendered":"Looks"},"content":{"rendered":"<div id='av_section_1'  class='avia-section av-f7xj3pw-d6ad0d530d978e135f49e0598623e1ab main_color avia-section-default avia-no-shadow  avia-builder-el-0  el_before_av_section  avia-builder-el-first  avia-bg-style-scroll container_wrap fullsize'  ><div class='container av-section-cont-open' ><main  role=\"main\" itemprop=\"mainContentOfPage\"  class='template-page content  av-content-full alpha units'><div class='post-entry post-entry-type-page post-entry-76918'><div class='entry-content-wrapper clearfix'>\n\n<style type=\"text\/css\" data-created_by=\"avia_inline_auto\" id=\"style-css-av-ex43gxg-3f794a1e3d9c77eb2e6bfb50a77c59e8\">\n#top .av-special-heading.av-ex43gxg-3f794a1e3d9c77eb2e6bfb50a77c59e8{\npadding-bottom:9px;\nfont-size:20px;\n}\nbody .av-special-heading.av-ex43gxg-3f794a1e3d9c77eb2e6bfb50a77c59e8 .av-special-heading-tag .heading-char{\nfont-size:25px;\n}\n#top #wrap_all .av-special-heading.av-ex43gxg-3f794a1e3d9c77eb2e6bfb50a77c59e8 .av-special-heading-tag{\nfont-size:20px;\n}\n.av-special-heading.av-ex43gxg-3f794a1e3d9c77eb2e6bfb50a77c59e8 .av-subheading{\nfont-size:15px;\n}\n\n@media only screen and (min-width: 480px) and (max-width: 767px){ \n#top #wrap_all .av-special-heading.av-ex43gxg-3f794a1e3d9c77eb2e6bfb50a77c59e8 .av-special-heading-tag{\nfont-size:0.8em;\n}\n}\n\n@media only screen and (max-width: 479px){ \n#top #wrap_all .av-special-heading.av-ex43gxg-3f794a1e3d9c77eb2e6bfb50a77c59e8 .av-special-heading-tag{\nfont-size:0.8em;\n}\n}\n<\/style>\n<div  class='av-special-heading av-ex43gxg-3f794a1e3d9c77eb2e6bfb50a77c59e8 av-special-heading-h5 blockquote modern-quote modern-centered  avia-builder-el-1  el_before_av_hr  avia-builder-el-first  av-inherit-size'><h5 class='av-special-heading-tag '  itemprop=\"headline\"  >PLATEFORME LOOKS<\/h5><div class=\"special-heading-border\"><div class=\"special-heading-inner-border\"><\/div><\/div><\/div>\n\n<style type=\"text\/css\" data-created_by=\"avia_inline_auto\" id=\"style-css-av-eiiqkqc-dcc59aade0e8e79cb919342890a017a1\">\n#top .hr.av-eiiqkqc-dcc59aade0e8e79cb919342890a017a1{\nmargin-top:0px;\nmargin-bottom:8px;\n}\n.hr.av-eiiqkqc-dcc59aade0e8e79cb919342890a017a1 .hr-inner{\nwidth:50px;\nborder-color:#2c2c2d;\n}\n<\/style>\n<div  class='hr av-eiiqkqc-dcc59aade0e8e79cb919342890a017a1 hr-custom  avia-builder-el-2  el_after_av_heading  el_before_av_heading  hr-center hr-icon-no'><span class='hr-inner inner-border-av-border-thin'><span class=\"hr-inner-style\"><\/span><\/span><\/div>\n\n<style type=\"text\/css\" data-created_by=\"avia_inline_auto\" id=\"style-css-av-du9oj90-fb8ed35f06d8efccce6e992fdb61a504\">\n#top .av-special-heading.av-du9oj90-fb8ed35f06d8efccce6e992fdb61a504{\npadding-bottom:23px;\nfont-size:24px;\n}\nbody .av-special-heading.av-du9oj90-fb8ed35f06d8efccce6e992fdb61a504 .av-special-heading-tag .heading-char{\nfont-size:25px;\n}\n#top #wrap_all .av-special-heading.av-du9oj90-fb8ed35f06d8efccce6e992fdb61a504 .av-special-heading-tag{\nfont-size:24px;\n}\n.av-special-heading.av-du9oj90-fb8ed35f06d8efccce6e992fdb61a504 .av-subheading{\nfont-size:15px;\n}\n\n@media only screen and (min-width: 480px) and (max-width: 767px){ \n#top #wrap_all .av-special-heading.av-du9oj90-fb8ed35f06d8efccce6e992fdb61a504 .av-special-heading-tag{\nfont-size:0.8em;\n}\n}\n\n@media only screen and (max-width: 479px){ \n#top #wrap_all .av-special-heading.av-du9oj90-fb8ed35f06d8efccce6e992fdb61a504 .av-special-heading-tag{\nfont-size:0.8em;\n}\n}\n<\/style>\n<div  class='av-special-heading av-du9oj90-fb8ed35f06d8efccce6e992fdb61a504 av-special-heading-h2 blockquote modern-quote modern-centered  avia-builder-el-3  el_after_av_hr  el_before_av_one_full  av-inherit-size'><h2 class='av-special-heading-tag '  itemprop=\"headline\"  >La coh\u00e9rence est notre objectif<\/h2><div class=\"special-heading-border\"><div class=\"special-heading-inner-border\"><\/div><\/div><\/div>\n\n<style type=\"text\/css\" data-created_by=\"avia_inline_auto\" id=\"style-css-av-dhqke6s-11148c4ba40f9adbea23f2fff5d02223\">\n.flex_column.av-dhqke6s-11148c4ba40f9adbea23f2fff5d02223{\nborder-radius:0px 0px 0px 0px;\npadding:0px 135px 0px 135px;\n}\n<\/style>\n<div  class='flex_column av-dhqke6s-11148c4ba40f9adbea23f2fff5d02223 av_one_full  avia-builder-el-4  el_after_av_heading  avia-builder-el-last  first flex_column_div  '     ><section  class='av_textblock_section av-d4ii6vo-09eb518994728bd389c8d9aa83bf0c1f '   itemscope=\"itemscope\" itemtype=\"https:\/\/schema.org\/CreativeWork\" ><div class='avia_textblock'  itemprop=\"text\" ><p style=\"text-align: center;\">Dans le cadre de nos efforts continus pour personnaliser au maximum l\u2019exp\u00e9rience Carmencita et obtenir des scans aussi proches que possible de votre rendu souhait\u00e9, nous avons cr\u00e9\u00e9 une toute nouvelle plateforme aux possibilit\u00e9s illimit\u00e9es.<\/p>\n<\/div><\/section><\/div>\n\n<\/div><\/div><\/main><!-- close content main element --><\/div><\/div><div id='av_section_2'  class='avia-section av-crcgv10-4cbcc618fe3294752dc3401d15c9d70e main_color avia-section-default avia-no-shadow  avia-builder-el-6  el_after_av_section  el_before_av_section  avia-bg-style-scroll container_wrap fullsize'  ><div class='container av-section-cont-open' ><div class='template-page content  av-content-full alpha units'><div class='post-entry post-entry-type-page post-entry-76918'><div class='entry-content-wrapper clearfix'>\n\n<style type=\"text\/css\" data-created_by=\"avia_inline_auto\" id=\"style-css-av-cc5hxkk-25f38c676097602198fb80f5fd083d24\">\n.flex_column.av-cc5hxkk-25f38c676097602198fb80f5fd083d24{\nborder-radius:0px 0px 0px 0px;\npadding:0px 0px 0px 0px;\n}\n<\/style>\n<div  class='flex_column av-cc5hxkk-25f38c676097602198fb80f5fd083d24 av_one_full  avia-builder-el-7  el_before_av_one_third  avia-builder-el-first  first flex_column_div av-zero-column-padding  '     ><style type=\"text\/css\" data-created_by=\"avia_inline_auto\" id=\"style-css-av-bun469g-d2d7dafff3ee161343b813846db0a313\">\n#top .av-special-heading.av-bun469g-d2d7dafff3ee161343b813846db0a313{\npadding-bottom:0;\n}\nbody .av-special-heading.av-bun469g-d2d7dafff3ee161343b813846db0a313 .av-special-heading-tag .heading-char{\nfont-size:25px;\n}\n.av-special-heading.av-bun469g-d2d7dafff3ee161343b813846db0a313 .av-subheading{\nfont-size:15px;\n}\n<\/style>\n<div  class='av-special-heading av-bun469g-d2d7dafff3ee161343b813846db0a313 av-special-heading-h5 blockquote modern-quote  avia-builder-el-8  avia-builder-el-no-sibling '><h5 class='av-special-heading-tag '  itemprop=\"headline\"  ><span class=\"&quot;number&quot;\">01<\/span><span class=\"&quot;text&quot;\">DE QUOI PARLONS-NOUS EXACTEMENT ?<\/span><\/h5><div class=\"special-heading-border\"><div class=\"special-heading-inner-border\"><\/div><\/div><\/div><\/div>\n<style type=\"text\/css\" data-created_by=\"avia_inline_auto\" id=\"style-css-av-bgj0ulw-028eb8c2462de8ceafcfe93ddb950aee\">\n.flex_column.av-bgj0ulw-028eb8c2462de8ceafcfe93ddb950aee{\nborder-radius:0px 0px 0px 0px;\npadding:0px 0px 0px 0px;\n}\n<\/style>\n<div  class='flex_column av-bgj0ulw-028eb8c2462de8ceafcfe93ddb950aee av_one_third  avia-builder-el-9  el_after_av_one_full  el_before_av_two_third  content-text first flex_column_div av-zero-column-padding  column-top-margin'     ><section  class='av_textblock_section av-aqn56k4-484cac81e6fb58c42b221704a97d80ab '   itemscope=\"itemscope\" itemtype=\"https:\/\/schema.org\/CreativeWork\" ><div class='avia_textblock'  itemprop=\"text\" ><p style=\"text-align: justify;\">D\u00e9sormais, vous recevrez, avec chaque commande que vous nous envoyez, un lien qui vous m\u00e8nera vers un espace personnel o\u00f9 vous pourrez t\u00e9l\u00e9verser des images de r\u00e9f\u00e9rence pour cette commande. En plus de la possibilit\u00e9 de t\u00e9l\u00e9verser des images de r\u00e9f\u00e9rence pour chaque commande, vous disposerez d\u2019un espace pour \u00e9crire ce que vous aimez exactement dans chaque photo ou situation d\u2019\u00e9clairage.<\/p>\n<p style=\"text-align: justify;\">\u00c0 partir de maintenant, vous pouvez tirer autant que vous le souhaitez de notre nouveau syst\u00e8me \u00ab Looks \u00bb. Si vous avez un rendu tr\u00e8s coh\u00e9rent et que vos conditions de lumi\u00e8re de prise de vue ainsi que vos pellicules varient peu, vous pouvez t\u00e9l\u00e9verser un seul ensemble d\u2019images et de commentaires, puis indiquer dans les commandes suivantes que nous devons suivre les indications pr\u00e9c\u00e9dentes. \u00c0 l\u2019inverse, vous pouvez \u00eatre aussi exigeant et cr\u00e9atif que vous le souhaitez. Par exemple, si vous avez photographi\u00e9 par une journ\u00e9e tr\u00e8s nuageuse, vous pouvez nous envoyer des images r\u00e9alis\u00e9es par temps nuageux qui, selon vous, refl\u00e8tent vos pr\u00e9f\u00e9rences en mati\u00e8re de contraste \/ couleur \/ luminosit\u00e9.<\/p>\n<p style=\"text-align: justify;\">Vous voyez l\u2019id\u00e9e, n\u2019est-ce pas ?<\/p>\n<\/div><\/section><\/div>\n<style type=\"text\/css\" data-created_by=\"avia_inline_auto\" id=\"style-css-av-ad9ud4k-5ab5cfdee721fd564445b232833b653f\">\n.flex_column.av-ad9ud4k-5ab5cfdee721fd564445b232833b653f{\nborder-radius:0px 0px 0px 0px;\npadding:0px 0px 0px 0px;\n}\n<\/style>\n<div  class='flex_column av-ad9ud4k-5ab5cfdee721fd564445b232833b653f av_two_third  avia-builder-el-11  el_after_av_one_third  el_before_av_hr  flex_column_div av-zero-column-padding  column-top-margin'     ><style type=\"text\/css\" data-created_by=\"avia_inline_auto\" id=\"style-css-av-9pdvuyc-f5054d40df611e8ee74b31766cb18417\">\n.avia-image-container.av-9pdvuyc-f5054d40df611e8ee74b31766cb18417 img.avia_image{\nbox-shadow:none;\n}\n.avia-image-container.av-9pdvuyc-f5054d40df611e8ee74b31766cb18417 .av-image-caption-overlay-center{\ncolor:#ffffff;\n}\n<\/style>\n<div  class='avia-image-container av-9pdvuyc-f5054d40df611e8ee74b31766cb18417 av-styling- avia-align-center  avia-builder-el-12  avia-builder-el-no-sibling '   itemprop=\"image\" itemscope=\"itemscope\" itemtype=\"https:\/\/schema.org\/ImageObject\" ><div class=\"avia-image-container-inner\"><div class=\"avia-image-overlay-wrap\"><img decoding=\"async\" fetchpriority=\"high\" class='wp-image-17130 avia-img-lazy-loading-not-17130 avia_image ' src=\"https:\/\/carmencitafilmlab.com\/wp-content\/uploads\/LooksPlatform-Talkingabout.png\" alt='' title='LooksPlatform-Talkingabout'  height=\"408\" width=\"683\"  itemprop=\"thumbnailUrl\" srcset=\"https:\/\/carmencitafilmlab.com\/wp-content\/uploads\/LooksPlatform-Talkingabout.png 683w, https:\/\/carmencitafilmlab.com\/wp-content\/uploads\/LooksPlatform-Talkingabout-450x269.png 450w, https:\/\/carmencitafilmlab.com\/wp-content\/uploads\/LooksPlatform-Talkingabout-300x179.png 300w\" sizes=\"(max-width: 683px) 100vw, 683px\" \/><\/div><\/div><\/div><\/div>\n<style type=\"text\/css\" data-created_by=\"avia_inline_auto\" id=\"style-css-av-9c87e2c-9e77dac034afc42eee26ea84ef184018\">\n#top .hr.hr-invisible.av-9c87e2c-9e77dac034afc42eee26ea84ef184018{\nheight:140px;\n}\n<\/style>\n<div  class='hr av-9c87e2c-9e77dac034afc42eee26ea84ef184018 hr-invisible  avia-builder-el-13  el_after_av_two_third  el_before_av_two_third '><span class='hr-inner '><span class=\"hr-inner-style\"><\/span><\/span><\/div>\n\n<style type=\"text\/css\" data-created_by=\"avia_inline_auto\" id=\"style-css-av-946hv3o-fc29d42373db9102aebcea20bf298f7f\">\n.flex_column.av-946hv3o-fc29d42373db9102aebcea20bf298f7f{\nborder-radius:0px 0px 0px 0px;\npadding:0px 0px 0px 0px;\n}\n<\/style>\n<div  class='flex_column av-946hv3o-fc29d42373db9102aebcea20bf298f7f av_two_third  avia-builder-el-14  el_after_av_hr  el_before_av_one_third  first flex_column_div av-zero-column-padding  '     ><style type=\"text\/css\" data-created_by=\"avia_inline_auto\" id=\"style-css-av-8kkohg4-c09af31224f4fb23bfc3ed29d5f587b5\">\n.avia-image-container.av-8kkohg4-c09af31224f4fb23bfc3ed29d5f587b5 img.avia_image{\nbox-shadow:none;\n}\n.avia-image-container.av-8kkohg4-c09af31224f4fb23bfc3ed29d5f587b5 .av-image-caption-overlay-center{\ncolor:#ffffff;\n}\n<\/style>\n<div  class='avia-image-container av-8kkohg4-c09af31224f4fb23bfc3ed29d5f587b5 av-styling- avia-align-center  avia-builder-el-15  avia-builder-el-no-sibling '   itemprop=\"image\" itemscope=\"itemscope\" itemtype=\"https:\/\/schema.org\/ImageObject\" ><div class=\"avia-image-container-inner\"><div class=\"avia-image-overlay-wrap\"><img decoding=\"async\" fetchpriority=\"high\" class='wp-image-17129 avia-img-lazy-loading-not-17129 avia_image ' src=\"https:\/\/carmencitafilmlab.com\/wp-content\/uploads\/LooksPlatform-SimpleyetEffective.png\" alt='' title='LooksPlatform-SimpleyetEffective'  height=\"401\" width=\"659\"  itemprop=\"thumbnailUrl\" srcset=\"https:\/\/carmencitafilmlab.com\/wp-content\/uploads\/LooksPlatform-SimpleyetEffective.png 659w, https:\/\/carmencitafilmlab.com\/wp-content\/uploads\/LooksPlatform-SimpleyetEffective-450x274.png 450w, https:\/\/carmencitafilmlab.com\/wp-content\/uploads\/LooksPlatform-SimpleyetEffective-300x183.png 300w\" sizes=\"(max-width: 659px) 100vw, 659px\" \/><\/div><\/div><\/div><\/div>\n<style type=\"text\/css\" data-created_by=\"avia_inline_auto\" id=\"style-css-av-2vjn4k-a2b0e60ac9b73e000baf78a0eb107c6a\">\n.flex_column.av-2vjn4k-a2b0e60ac9b73e000baf78a0eb107c6a{\nborder-radius:0px 0px 0px 0px;\npadding:0px 0px 0px 0px;\n}\n<\/style>\n<div  class='flex_column av-2vjn4k-a2b0e60ac9b73e000baf78a0eb107c6a av_one_third  avia-builder-el-16  el_after_av_two_third  el_before_av_hr  content-text flex_column_div av-zero-column-padding  '     ><p>\n<style type=\"text\/css\" data-created_by=\"avia_inline_auto\" id=\"style-css-av-7ss1910-5118c52af40b43753a55159ab1d88fc8\">\n#top .av-special-heading.av-7ss1910-5118c52af40b43753a55159ab1d88fc8{\npadding-bottom:90px;\n}\nbody .av-special-heading.av-7ss1910-5118c52af40b43753a55159ab1d88fc8 .av-special-heading-tag .heading-char{\nfont-size:25px;\n}\n.av-special-heading.av-7ss1910-5118c52af40b43753a55159ab1d88fc8 .av-subheading{\nfont-size:15px;\n}\n<\/style>\n<div  class='av-special-heading av-7ss1910-5118c52af40b43753a55159ab1d88fc8 av-special-heading-h5 blockquote modern-quote  avia-builder-el-17  el_before_av_textblock  avia-builder-el-first '><h5 class='av-special-heading-tag '  itemprop=\"headline\"  ><span class=\"&quot;number&quot;\">02<\/span><span class=\"&quot;text&quot;\">SIMPLE, MAIS EFFICACE<\/span><\/h5><div class=\"special-heading-border\"><div class=\"special-heading-inner-border\"><\/div><\/div><\/div><br \/>\n<section  class='av_textblock_section av-7c2l5pw-13bc47969de15069cc8a49c548a8a1b2 '   itemscope=\"itemscope\" itemtype=\"https:\/\/schema.org\/CreativeWork\" ><div class='avia_textblock'  itemprop=\"text\" ><p style=\"text-align: justify;\">L\u2019interface a \u00e9t\u00e9 con\u00e7ue pour \u00eatre aussi simple que possible. Vous pouvez ajouter des images, des commentaires et tout envoyer depuis un seul panneau. Vous pouvez ajouter autant d\u2019images que vous le souhaitez, ainsi que autant de paragraphes, mais si vous nous demandez notre avis, 10 est g\u00e9n\u00e9ralement le nombre id\u00e9al d\u2019images de r\u00e9f\u00e9rence.<\/p>\n<p style=\"text-align: justify;\">Des questions ? Consultez le coin sup\u00e9rieur droit et d\u00e9couvrez-en plus gr\u00e2ce \u00e0 notre bouton +INFO.<\/p>\n<\/div><\/section><\/p><\/div>\n<style type=\"text\/css\" data-created_by=\"avia_inline_auto\" id=\"style-css-av-6q79jck-9261643d0097260601c3f923e4350fc2\">\n#top .hr.hr-invisible.av-6q79jck-9261643d0097260601c3f923e4350fc2{\nheight:150px;\n}\n<\/style>\n<div  class='hr av-6q79jck-9261643d0097260601c3f923e4350fc2 hr-invisible  avia-builder-el-19  el_after_av_one_third  el_before_av_one_third '><span class='hr-inner '><span class=\"hr-inner-style\"><\/span><\/span><\/div>\n\n<style type=\"text\/css\" data-created_by=\"avia_inline_auto\" id=\"style-css-av-lo2htg-cd636f8cc9e495d2cb89007fa5ea31b6\">\n.flex_column.av-lo2htg-cd636f8cc9e495d2cb89007fa5ea31b6{\nborder-radius:0px 0px 0px 0px;\npadding:0px 0px 0px 0px;\n}\n<\/style>\n<div  class='flex_column av-lo2htg-cd636f8cc9e495d2cb89007fa5ea31b6 av_one_third  avia-builder-el-20  el_after_av_hr  el_before_av_two_third  content-text first flex_column_div av-zero-column-padding  '     ><p>\n<style type=\"text\/css\" data-created_by=\"avia_inline_auto\" id=\"style-css-av-5qbwc8k-49aba1e57abc5d22aae4ca032bdb68af\">\n#top .av-special-heading.av-5qbwc8k-49aba1e57abc5d22aae4ca032bdb68af{\npadding-bottom:90px;\n}\nbody .av-special-heading.av-5qbwc8k-49aba1e57abc5d22aae4ca032bdb68af .av-special-heading-tag .heading-char{\nfont-size:25px;\n}\n.av-special-heading.av-5qbwc8k-49aba1e57abc5d22aae4ca032bdb68af .av-subheading{\nfont-size:15px;\n}\n<\/style>\n<div  class='av-special-heading av-5qbwc8k-49aba1e57abc5d22aae4ca032bdb68af av-special-heading-h5 blockquote modern-quote  avia-builder-el-21  el_before_av_textblock  avia-builder-el-first '><h5 class='av-special-heading-tag '  itemprop=\"headline\"  ><span class=\"&quot;number&quot;\">03<\/span><span class=\"&quot;text&quot;\">T\u00c9L\u00c9VERSEMENT <span class='special_amp'>&amp;<\/span> R\u00c9VISION<\/span><\/h5><div class=\"special-heading-border\"><div class=\"special-heading-inner-border\"><\/div><\/div><\/div><br \/>\n<section  class='av_textblock_section av-5f7xc1g-aa519d9f7b25844ea6f7f38aa6e41542 '   itemscope=\"itemscope\" itemtype=\"https:\/\/schema.org\/CreativeWork\" ><div class='avia_textblock'  itemprop=\"text\" ><p style=\"text-align: justify;\">Une fois toutes vos images t\u00e9l\u00e9vers\u00e9es, vous pourrez les passer en revue et r\u00e9diger des commentaires en cons\u00e9quence dans la colonne de gauche. Nous tirerons l\u2019essentiel de l\u2019inspiration du rendu global, en portant une attention particuli\u00e8re aux tons de peau, aux ombres et au contraste, m\u00eame s\u2019il est toujours utile de disposer d\u2019un champ de texte pour le compl\u00e9ter et nous permettre de nous mettre autant que possible \u00e0 votre place lorsque nous travaillons sur vos scans \ud83d\ude42<\/p>\n<\/div><\/section><\/p><\/div>\n<style type=\"text\/css\" data-created_by=\"avia_inline_auto\" id=\"style-css-av-h7uqxg-de98918aa26d3ead8dd59e9b87f2e386\">\n.flex_column.av-h7uqxg-de98918aa26d3ead8dd59e9b87f2e386{\nborder-radius:0px 0px 0px 0px;\npadding:0px 0px 0px 0px;\n}\n<\/style>\n<div  class='flex_column av-h7uqxg-de98918aa26d3ead8dd59e9b87f2e386 av_two_third  avia-builder-el-23  el_after_av_one_third  el_before_av_hr  flex_column_div av-zero-column-padding  '     ><style type=\"text\/css\" data-created_by=\"avia_inline_auto\" id=\"style-css-av-49fw3n8-63843e6682f08cbbfd7539345be443a0\">\n.avia-image-container.av-49fw3n8-63843e6682f08cbbfd7539345be443a0 img.avia_image{\nbox-shadow:none;\n}\n.avia-image-container.av-49fw3n8-63843e6682f08cbbfd7539345be443a0 .av-image-caption-overlay-center{\ncolor:#ffffff;\n}\n<\/style>\n<div  class='avia-image-container av-49fw3n8-63843e6682f08cbbfd7539345be443a0 av-styling- avia-align-center  avia-builder-el-24  avia-builder-el-no-sibling '   itemprop=\"image\" itemscope=\"itemscope\" itemtype=\"https:\/\/schema.org\/ImageObject\" ><div class=\"avia-image-container-inner\"><div class=\"avia-image-overlay-wrap\"><img decoding=\"async\" fetchpriority=\"high\" class='wp-image-17131 avia-img-lazy-loading-not-17131 avia_image ' src=\"https:\/\/carmencitafilmlab.com\/wp-content\/uploads\/LooksPlatform-UploadReview.png\" alt='' title='LooksPlatform-UploadReview'  height=\"395\" width=\"659\"  itemprop=\"thumbnailUrl\" srcset=\"https:\/\/carmencitafilmlab.com\/wp-content\/uploads\/LooksPlatform-UploadReview.png 659w, https:\/\/carmencitafilmlab.com\/wp-content\/uploads\/LooksPlatform-UploadReview-450x270.png 450w, https:\/\/carmencitafilmlab.com\/wp-content\/uploads\/LooksPlatform-UploadReview-300x180.png 300w\" sizes=\"(max-width: 659px) 100vw, 659px\" \/><\/div><\/div><\/div><\/div>\n<style type=\"text\/css\" data-created_by=\"avia_inline_auto\" id=\"style-css-av-3w2la7o-817d74803d1b726210cb285ba75caff8\">\n#top .hr.hr-invisible.av-3w2la7o-817d74803d1b726210cb285ba75caff8{\nheight:90px;\n}\n<\/style>\n<div  class='hr av-3w2la7o-817d74803d1b726210cb285ba75caff8 hr-invisible  avia-builder-el-25  el_after_av_two_third  el_before_av_one_full '><span class='hr-inner '><span class=\"hr-inner-style\"><\/span><\/span><\/div>\n\n<style type=\"text\/css\" data-created_by=\"avia_inline_auto\" id=\"style-css-av-3ckgsic-397576e350cf60b63ab9db1e80ee2690\">\n.flex_column.av-3ckgsic-397576e350cf60b63ab9db1e80ee2690{\nborder-radius:0px 0px 0px 0px;\npadding:0px 170px 0px 170px;\n}\n<\/style>\n<div  class='flex_column av-3ckgsic-397576e350cf60b63ab9db1e80ee2690 av_one_full  avia-builder-el-26  el_after_av_hr  el_before_av_hr  first flex_column_div  '     ><section  class='av_textblock_section av-2wq3iz8-6fcae14546a5b19750c2f40d22e0e4fd '   itemscope=\"itemscope\" itemtype=\"https:\/\/schema.org\/CreativeWork\" ><div class='avia_textblock'  itemprop=\"text\" ><p style=\"text-align: center;\">Dans le cadre de nos efforts continus pour personnaliser au maximum l\u2019exp\u00e9rience Carmencita et obtenir des scans aussi proches que possible de votre rendu souhait\u00e9, nous avons cr\u00e9\u00e9 une toute nouvelle plateforme aux possibilit\u00e9s illimit\u00e9es.<\/p>\n<\/div><\/section><\/div>\n<style type=\"text\/css\" data-created_by=\"avia_inline_auto\" id=\"style-css-av-2oybxtg-6a6bf37991fe788c79c035ebae4aa7db\">\n#top .hr.hr-invisible.av-2oybxtg-6a6bf37991fe788c79c035ebae4aa7db{\nheight:110px;\n}\n<\/style>\n<div  class='hr av-2oybxtg-6a6bf37991fe788c79c035ebae4aa7db hr-invisible  avia-builder-el-28  el_after_av_one_full  avia-builder-el-last '><span class='hr-inner '><span class=\"hr-inner-style\"><\/span><\/span><\/div>\n<\/div><\/div><\/div><!-- close content main div --><\/div><\/div>\n<style type=\"text\/css\" data-created_by=\"avia_inline_auto\" id=\"style-css-av-1zvi838-2537a2c3146f9fd1cf3ec0b01d217906\">\n.avia-section.av-1zvi838-2537a2c3146f9fd1cf3ec0b01d217906{\nbackground-color:#ffffff;\nbackground-image:unset;\n}\n.avia-section.av-1zvi838-2537a2c3146f9fd1cf3ec0b01d217906 .av-section-color-overlay{\nopacity:0.4;\nbackground-color:#0a0a0a;\n}\n<\/style>\n<div id='design_frame_banner'  class='avia-section av-1zvi838-2537a2c3146f9fd1cf3ec0b01d217906 main_color avia-section-no-padding avia-no-border-styling  avia-builder-el-29  el_after_av_section  avia-builder-el-last  avia-bg-style-scroll av-section-color-overlay-active av-minimum-height av-minimum-height-25 av-height-25  container_wrap fullsize'   data-av_minimum_height_pc='25' data-av_min_height_opt='25'><div class=\"av-section-color-overlay-wrap\"><div class=\"av-section-color-overlay\"><\/div><div class='container av-section-cont-open' ><div class='template-page content  av-content-full alpha units'><div class='post-entry post-entry-type-page post-entry-76918'><div class='entry-content-wrapper clearfix'>\n\n<style type=\"text\/css\" data-created_by=\"avia_inline_auto\" id=\"style-css-av-1mf1t5g-7e9bcfab50f4319317f51bc2beadce41\">\n.flex_column.av-1mf1t5g-7e9bcfab50f4319317f51bc2beadce41{\nborder-radius:0px 0px 0px 0px;\npadding:0px 0px 0px 0px;\n}\n<\/style>\n<div  class='flex_column av-1mf1t5g-7e9bcfab50f4319317f51bc2beadce41 av_four_fifth  avia-builder-el-30  avia-builder-el-no-sibling  first flex_column_div av-zero-column-padding  '     ><p>\n<style type=\"text\/css\" data-created_by=\"avia_inline_auto\" id=\"style-css-av-17s0wgk-767ac337a2eed1a5b9e53146d98df571\">\n#top .av-special-heading.av-17s0wgk-767ac337a2eed1a5b9e53146d98df571{\npadding-bottom:20px;\ncolor:#ffffff;\n}\nbody .av-special-heading.av-17s0wgk-767ac337a2eed1a5b9e53146d98df571 .av-special-heading-tag .heading-char{\nfont-size:25px;\n}\n.av-special-heading.av-17s0wgk-767ac337a2eed1a5b9e53146d98df571 .special-heading-inner-border{\nborder-color:#ffffff;\n}\n.av-special-heading.av-17s0wgk-767ac337a2eed1a5b9e53146d98df571 .av-subheading{\nfont-size:15px;\n}\n<\/style>\n<div  class='av-special-heading av-17s0wgk-767ac337a2eed1a5b9e53146d98df571 av-special-heading-h6 custom-color-heading blockquote modern-quote  avia-builder-el-31  el_before_av_button  avia-builder-el-first '><h6 class='av-special-heading-tag '  itemprop=\"headline\"  >SOUHAITEZ-VOUS EN SAVOIR PLUS ?<\/h6><div class=\"special-heading-border\"><div class=\"special-heading-inner-border\"><\/div><\/div><\/div><br \/>\n<div  class='avia-button-wrap av-vgpjf8-c892749a96b40a26c4a4f6df9f50ad6a-wrap avia-button-left  avia-builder-el-32  el_after_av_heading  avia-builder-el-last '><a href='https:\/\/carmencitafilmlab.com\/blog\/new-film-scan-options-noritsu-hs-1800\/'  class='avia-button av-vgpjf8-c892749a96b40a26c4a4f6df9f50ad6a av-link-btn avia-icon_select-yes-right-icon avia-size-x-large avia-position-left avia-color-theme-color'  target=\"_blank\"  rel=\"noopener noreferrer\"  aria-label=\"Lisez l\u2019article sur le scan Noritsu\"><span class='avia_iconbox_title' >Lisez l\u2019article sur le scan Noritsu<\/span><span class='avia_button_icon avia_button_icon_right avia-iconfont avia-font-fontello' data-av_icon='\ue803' data-av_iconfont='fontello' ><\/span><\/a><\/div><\/p><\/div>\n<\/p>\n","protected":false},"excerpt":{"rendered":"","protected":false},"author":4,"featured_media":0,"parent":0,"menu_order":0,"comment_status":"closed","ping_status":"closed","template":"","meta":{"_monsterinsights_skip_tracking":false,"_monsterinsights_sitenote_active":false,"_monsterinsights_sitenote_note":"","_monsterinsights_sitenote_category":0,"_joinchat":[],"footnotes":""},"class_list":["post-76918","page","type-page","status-publish","hentry"],"_links":{"self":[{"href":"https:\/\/carmencitafilmlab.com\/fr\/wp-json\/wp\/v2\/pages\/76918","targetHints":{"allow":["GET"]}}],"collection":[{"href":"https:\/\/carmencitafilmlab.com\/fr\/wp-json\/wp\/v2\/pages"}],"about":[{"href":"https:\/\/carmencitafilmlab.com\/fr\/wp-json\/wp\/v2\/types\/page"}],"author":[{"embeddable":true,"href":"https:\/\/carmencitafilmlab.com\/fr\/wp-json\/wp\/v2\/users\/4"}],"replies":[{"embeddable":true,"href":"https:\/\/carmencitafilmlab.com\/fr\/wp-json\/wp\/v2\/comments?post=76918"}],"version-history":[{"count":2,"href":"https:\/\/carmencitafilmlab.com\/fr\/wp-json\/wp\/v2\/pages\/76918\/revisions"}],"predecessor-version":[{"id":77464,"href":"https:\/\/carmencitafilmlab.com\/fr\/wp-json\/wp\/v2\/pages\/76918\/revisions\/77464"}],"wp:attachment":[{"href":"https:\/\/carmencitafilmlab.com\/fr\/wp-json\/wp\/v2\/media?parent=76918"}],"curies":[{"name":"wp","href":"https:\/\/api.w.org\/{rel}","templated":true}]}}