{"id":78465,"date":"2026-04-02T14:09:53","date_gmt":"2026-04-02T12:09:53","guid":{"rendered":"https:\/\/carmencitafilmlab.com\/e6-diafilm\/"},"modified":"2026-04-07T09:49:24","modified_gmt":"2026-04-07T07:49:24","slug":"e6-diafilm","status":"publish","type":"page","link":"https:\/\/carmencitafilmlab.com\/de\/shop-2\/e6-diafilm\/","title":{"rendered":"E6-Diafilm"},"content":{"rendered":"<div id='av_section_1'  class='avia-section av-4k2f55d-c62c27d08fca00884db26e0cf8956556 main_color avia-section-no-padding avia-no-border-styling  avia-builder-el-0  el_before_av_section  avia-builder-el-first  avia-bg-style-scroll container_wrap fullsize'  ><div class='container av-section-cont-open' ><main  role=\"main\" itemprop=\"mainContentOfPage\"  class='template-page content  av-content-full alpha units'><div class='post-entry post-entry-type-page post-entry-78465'><div class='entry-content-wrapper clearfix'>\n<div  class='avia-button-wrap av-3x14gmp-15dbbf0de63ec9c7d9fd8736a8ad8815-wrap avia-button-left  avia-builder-el-1  el_before_av_hr  avia-builder-el-first  backto'><a href='https:\/\/carmencitafilmlab.com\/de\/shop-2\/'  class='avia-button av-3x14gmp-15dbbf0de63ec9c7d9fd8736a8ad8815 av-link-btn avia-icon_select-yes-left-icon avia-size-large avia-position-left avia-color-theme-color'   aria-label=\"Zur\u00fcck zum Shop\"><span class='avia_button_icon avia_button_icon_left avia-iconfont avia-font-fontello' data-av_icon='\ue804' data-av_iconfont='fontello' ><\/span><span class='avia_iconbox_title' >Zur\u00fcck zum Shop<\/span><\/a><\/div>\n\n<style type=\"text\/css\" data-created_by=\"avia_inline_auto\" id=\"style-css-av-3bai5xt-47345d3da2f08dcf1cf975acfdd9afe5\">\n#top .hr.hr-invisible.av-3bai5xt-47345d3da2f08dcf1cf975acfdd9afe5{\nheight:85px;\n}\n<\/style>\n<div  class='hr av-3bai5xt-47345d3da2f08dcf1cf975acfdd9afe5 hr-invisible  avia-builder-el-2  el_after_av_button  el_before_av_heading '><span class='hr-inner '><span class=\"hr-inner-style\"><\/span><\/span><\/div>\n\n<style type=\"text\/css\" data-created_by=\"avia_inline_auto\" id=\"style-css-av-2xlj91t-a845fde9109a7a9124ded388541be534\">\n#top .av-special-heading.av-2xlj91t-a845fde9109a7a9124ded388541be534{\npadding-bottom:0;\n}\nbody .av-special-heading.av-2xlj91t-a845fde9109a7a9124ded388541be534 .av-special-heading-tag .heading-char{\nfont-size:25px;\n}\n.av-special-heading.av-2xlj91t-a845fde9109a7a9124ded388541be534 .av-subheading{\nfont-size:15px;\n}\n<\/style>\n<div  class='av-special-heading av-2xlj91t-a845fde9109a7a9124ded388541be534 av-special-heading-h5 blockquote modern-quote modern-centered  avia-builder-el-3  el_after_av_hr  el_before_av_hr '><h5 class='av-special-heading-tag '  itemprop=\"headline\"  >DIAFILM<\/h5><div class=\"special-heading-border\"><div class=\"special-heading-inner-border\"><\/div><\/div><\/div>\n\n<style type=\"text\/css\" data-created_by=\"avia_inline_auto\" id=\"style-css-av-2q6g72p-2256f56630866c288ea64a1013bad36e\">\n#top .hr.av-2q6g72p-2256f56630866c288ea64a1013bad36e{\nmargin-top:5px;\nmargin-bottom:0px;\n}\n.hr.av-2q6g72p-2256f56630866c288ea64a1013bad36e .hr-inner{\nwidth:50px;\nborder-color:#2c2c2d;\n}\n<\/style>\n<div  class='hr av-2q6g72p-2256f56630866c288ea64a1013bad36e hr-custom  avia-builder-el-4  el_after_av_heading  el_before_av_one_full  hr-center hr-icon-no'><span class='hr-inner inner-border-av-border-thin'><span class=\"hr-inner-style\"><\/span><\/span><\/div>\n\n<style type=\"text\/css\" data-created_by=\"avia_inline_auto\" id=\"style-css-av-256su35-1863ff6c1a52ba419f17e77bc79121a7\">\n.flex_column.av-256su35-1863ff6c1a52ba419f17e77bc79121a7{\nborder-radius:0px 0px 0px 0px;\npadding:0px 0px 0px 0px;\n}\n<\/style>\n<div  class='flex_column av-256su35-1863ff6c1a52ba419f17e77bc79121a7 av_one_full  avia-builder-el-5  el_after_av_hr  avia-builder-el-last  description first flex_column_div av-zero-column-padding  '     ><section  class='av_textblock_section av-1ly7a29-4698ca9c6a6628b5cf580a18209b632f '   itemscope=\"itemscope\" itemtype=\"https:\/\/schema.org\/CreativeWork\" ><div class='avia_textblock'  itemprop=\"text\" ><p style=\"text-align: center;\">Hier sind sie: die klassischen Dias, die wir alle aus den Projektoren unserer Eltern kennen. Wir freuen uns, den E-6-Prozess anbieten zu k\u00f6nnen, der in den letzten Jahren stark an Popularit\u00e4t verloren hat und f\u00fcr den es inzwischen wirklich schwer geworden ist, passende Labore zum Entwickeln zu finden \u2013 aber genau daf\u00fcr sind wir da! <\/p>\n<p style=\"text-align: center;\">Aktuell haben wir nur 2 Filmsorten in 4 Formaten, da Fuji der gro\u00dfe Hersteller von Diafilm war und die Filmsparte sehr schnell zur\u00fcckf\u00e4hrt. Wenn du aber nach einer bestimmten Filmsorte suchst, schreib uns eine E-Mail, und wir versuchen, das m\u00f6glich zu machen \ud83d\ude42<\/p>\n<\/div><\/section><\/div><\/div><\/div><\/main><!-- close content main element --><\/div><\/div><div id='av_section_2'  class='avia-section av-1cwevu9-e32cff11c7733d8debe79606803d48f5 main_color avia-section-large avia-no-border-styling  avia-builder-el-7  el_after_av_section  avia-builder-el-last  avia-bg-style-scroll container_wrap fullsize'  ><div class='container av-section-cont-open' ><div class='template-page content  av-content-full alpha units'><div class='post-entry post-entry-type-page post-entry-78465'><div class='entry-content-wrapper clearfix'>\n<div  class='avia-product-slider-container av-ru57sh-ebbb53380025b0a92c7bb6c91c15604f template-shop avia-content-slider avia-content-grid-active shop_columns_3  avia-builder-el-8  avia-builder-el-no-sibling  avia-content-slider-odd  avia-builder-el-8  avia-builder-el-no-sibling  av-slideshow-ui av-slider-hover-pause av-slideshow-manual av-loop-once av-loop-manual-endless avia-product-slider1' data-slideshow-options=\"{&quot;animation&quot;:&quot;fade&quot;,&quot;autoplay&quot;:false,&quot;loop_autoplay&quot;:&quot;once&quot;,&quot;interval&quot;:5,&quot;loop_manual&quot;:&quot;manual-endless&quot;,&quot;autoplay_stopper&quot;:false,&quot;noNavigation&quot;:false,&quot;bg_slider&quot;:false,&quot;keep_padding&quot;:false,&quot;hoverpause&quot;:true,&quot;show_slide_delay&quot;:0}\"><div class='avia-content-slider-inner'><ul class=\"products\"><li class=\"product type-product post-80597 status-publish first outofstock product_cat-farbe-e-6 product_cat-farbfilm-c-41 product_cat-kodak has-post-thumbnail taxable shipping-taxable purchasable product-type-simple\">\n\t<div class='inner_product main_color wrapped_style noLightbox  av-product-class-'><a href=\"https:\/\/carmencitafilmlab.com\/de\/produkt\/ektachrome-e100-35-mm\/\" class=\"woocommerce-LoopProduct-link woocommerce-loop-product__link\"><div class=\"thumbnail_container\"><img decoding=\"async\" loading=\"lazy\" width=\"600\" height=\"450\" src=\"https:\/\/carmencitafilmlab.com\/wp-content\/uploads\/Kodak-Ektachrome-E100-Carmencita-Slide-Film-600x450.jpg\" class=\"wp-image-80600 avia-img-lazy-loading-80600 attachment-woocommerce_thumbnail size-woocommerce_thumbnail wp-post-image\" alt=\"\" srcset=\"https:\/\/carmencitafilmlab.com\/wp-content\/uploads\/Kodak-Ektachrome-E100-Carmencita-Slide-Film-600x450.jpg 600w, https:\/\/carmencitafilmlab.com\/wp-content\/uploads\/Kodak-Ektachrome-E100-Carmencita-Slide-Film-200x150.jpg 200w, https:\/\/carmencitafilmlab.com\/wp-content\/uploads\/Kodak-Ektachrome-E100-Carmencita-Slide-Film-450x338.jpg 450w, https:\/\/carmencitafilmlab.com\/wp-content\/uploads\/Kodak-Ektachrome-E100-Carmencita-Slide-Film-300x225.jpg 300w, https:\/\/carmencitafilmlab.com\/wp-content\/uploads\/Kodak-Ektachrome-E100-Carmencita-Slide-Film-800x600.jpg 800w, https:\/\/carmencitafilmlab.com\/wp-content\/uploads\/Kodak-Ektachrome-E100-Carmencita-Slide-Film-1030x773.jpg 1030w, https:\/\/carmencitafilmlab.com\/wp-content\/uploads\/Kodak-Ektachrome-E100-Carmencita-Slide-Film-705x529.jpg 705w, https:\/\/carmencitafilmlab.com\/wp-content\/uploads\/Kodak-Ektachrome-E100-Carmencita-Slide-Film.jpg 1200w\" sizes=\"auto, (max-width: 600px) 100vw, 600px\" \/><span class=\"cart-loading\"><\/span><\/div><div class='inner_product_header'><div class='avia-arrow'><\/div><div class='inner_product_header_table'><div class='inner_product_header_cell'><h2 class=\"woocommerce-loop-product__title\">Ektachrome E100 [35 mm]<\/h2>\n\t<span class=\"price\"><span class=\"woocommerce-Price-amount amount\"><bdi>29,45&nbsp;<span class=\"woocommerce-Price-currencySymbol\">&euro;<\/span><\/bdi><\/span> <small class=\"woocommerce-price-suffix\">- <span class=\"woocommerce-Price-amount amount\"><bdi>24,34&nbsp;<span class=\"woocommerce-Price-currencySymbol\">&euro;<\/span><\/bdi><\/span>(Without VAT)<\/small><\/span>\n<\/div><\/div><\/div><\/a><div class='avia_cart_buttons '><a href=\"https:\/\/carmencitafilmlab.com\/de\/produkt\/ektachrome-e100-35-mm\/\" aria-describedby=\"woocommerce_loop_add_to_cart_link_describedby_80597\" data-quantity=\"1\" class=\"button product_type_simple\" data-product_id=\"80597\" data-product_sku=\"EKTACHROME_35\" aria-label=\"Lese mehr \u00fcber &#8222;Ektachrome E100 [35 mm]&#8220;\" rel=\"nofollow\" data-success_message=\"\"><span class=\"avia-svg-icon avia-font-svg_entypo-fontello\" data-av_svg_icon='basket' data-av_iconset='svg_entypo-fontello'><svg version=\"1.1\" xmlns=\"http:\/\/www.w3.org\/2000\/svg\" width=\"29\" height=\"32\" viewBox=\"0 0 29 32\" preserveAspectRatio=\"xMidYMid meet\" aria-labelledby='av-svg-title-1' aria-describedby='av-svg-desc-1' role=\"graphics-symbol\" aria-hidden=\"true\">\n<title id='av-svg-title-1'>Add to cart<\/title>\n<desc id='av-svg-desc-1'>Add to cart<\/desc>\n<path d=\"M4.8 27.2q0-1.28 0.96-2.24t2.24-0.96q1.344 0 2.272 0.96t0.928 2.24q0 1.344-0.928 2.272t-2.272 0.928q-1.28 0-2.24-0.928t-0.96-2.272zM20.8 27.2q0-1.28 0.96-2.24t2.24-0.96q1.344 0 2.272 0.96t0.928 2.24q0 1.344-0.928 2.272t-2.272 0.928q-1.28 0-2.24-0.928t-0.96-2.272zM10.496 19.648q-1.152 0.32-1.088 0.736t1.408 0.416h17.984v2.432q0 0.64-0.64 0.64h-20.928q-0.64 0-0.64-0.64v-2.432l-0.32-1.472-3.136-14.528h-3.136v-2.56q0-0.64 0.64-0.64h4.992q0.64 0 0.64 0.64v2.752h22.528v8.768q0 0.704-0.576 0.832z\"><\/path>\n<\/svg><\/span>  Weiterlesen<\/a>\t<span id=\"woocommerce_loop_add_to_cart_link_describedby_80597\" class=\"screen-reader-text\">\n\t\t\t<\/span>\n<a class=\"button show_details_button\" href=\"https:\/\/carmencitafilmlab.com\/de\/produkt\/ektachrome-e100-35-mm\/\"><span class=\"avia-svg-icon avia-font-svg_entypo-fontello\" data-av_svg_icon='doc-text' data-av_iconset='svg_entypo-fontello'><svg version=\"1.1\" xmlns=\"http:\/\/www.w3.org\/2000\/svg\" width=\"22\" height=\"32\" viewBox=\"0 0 22 32\" preserveAspectRatio=\"xMidYMid meet\" aria-labelledby='av-svg-title-2' aria-describedby='av-svg-desc-2' role=\"graphics-symbol\" aria-hidden=\"true\">\n<title id='av-svg-title-2'>Details anzeigen<\/title>\n<desc id='av-svg-desc-2'>Details anzeigen<\/desc>\n<path d=\"M6.784 17.344v-2.88h8.96v2.88h-8.96zM19.2 1.6q1.344 0 2.272 0.928t0.928 2.272v22.4q0 1.28-0.928 2.24t-2.272 0.96h-16q-1.28 0-2.24-0.96t-0.96-2.24v-22.4q0-1.344 0.96-2.272t2.24-0.928h16zM19.2 27.2v-22.4h-16v22.4h16zM15.68 8.256v2.816h-8.96v-2.816h8.96zM15.68 20.8v2.816h-8.96v-2.816h8.96z\"><\/path>\n<\/svg><\/span>  Details anzeigen<\/a> <span class=\"button-mini-delimiter\"><\/span><\/div><\/div><\/li>\n<\/ul><\/div><\/div><div class=\"clear\"><\/div>\n<\/p>\n","protected":false},"excerpt":{"rendered":"","protected":false},"author":4,"featured_media":0,"parent":81609,"menu_order":0,"comment_status":"closed","ping_status":"closed","template":"","meta":{"_monsterinsights_skip_tracking":false,"_monsterinsights_sitenote_active":false,"_monsterinsights_sitenote_note":"","_monsterinsights_sitenote_category":0,"_joinchat":[],"footnotes":""},"class_list":["post-78465","page","type-page","status-publish","hentry"],"_links":{"self":[{"href":"https:\/\/carmencitafilmlab.com\/de\/wp-json\/wp\/v2\/pages\/78465","targetHints":{"allow":["GET"]}}],"collection":[{"href":"https:\/\/carmencitafilmlab.com\/de\/wp-json\/wp\/v2\/pages"}],"about":[{"href":"https:\/\/carmencitafilmlab.com\/de\/wp-json\/wp\/v2\/types\/page"}],"author":[{"embeddable":true,"href":"https:\/\/carmencitafilmlab.com\/de\/wp-json\/wp\/v2\/users\/4"}],"replies":[{"embeddable":true,"href":"https:\/\/carmencitafilmlab.com\/de\/wp-json\/wp\/v2\/comments?post=78465"}],"version-history":[{"count":9,"href":"https:\/\/carmencitafilmlab.com\/de\/wp-json\/wp\/v2\/pages\/78465\/revisions"}],"predecessor-version":[{"id":81641,"href":"https:\/\/carmencitafilmlab.com\/de\/wp-json\/wp\/v2\/pages\/78465\/revisions\/81641"}],"up":[{"embeddable":true,"href":"https:\/\/carmencitafilmlab.com\/de\/wp-json\/wp\/v2\/pages\/81609"}],"wp:attachment":[{"href":"https:\/\/carmencitafilmlab.com\/de\/wp-json\/wp\/v2\/media?parent=78465"}],"curies":[{"name":"wp","href":"https:\/\/api.w.org\/{rel}","templated":true}]}}