{"id":79344,"date":"2026-04-02T14:30:11","date_gmt":"2026-04-02T12:30:11","guid":{"rendered":"https:\/\/carmencitafilmlab.com\/mostres-de-mida-descaneig\/"},"modified":"2026-04-07T09:48:42","modified_gmt":"2026-04-07T07:48:42","slug":"mostres-de-mida-descaneig","status":"publish","type":"page","link":"https:\/\/carmencitafilmlab.com\/ca\/fem\/escaneig\/mostres-de-mida-descaneig\/","title":{"rendered":"Mostres de mida d&#8217;escaneig"},"content":{"rendered":"<div id='av_section_1'  class='avia-section av-96mbaha-fb8b7ce80daeaf6c8fb8c541f7690371 main_color avia-section-default avia-no-shadow  avia-builder-el-0  el_before_av_section  avia-builder-el-first  avia-bg-style-scroll container_wrap fullsize'  ><div class='container av-section-cont-open' ><main  role=\"main\" itemprop=\"mainContentOfPage\"  class='template-page content  av-content-full alpha units'><div class='post-entry post-entry-type-page post-entry-79344'><div class='entry-content-wrapper clearfix'>\n\n<style type=\"text\/css\" data-created_by=\"avia_inline_auto\" id=\"style-css-av-3424q6-6d1695c276f2141ade99696961e569cb\">\n#top .av-special-heading.av-3424q6-6d1695c276f2141ade99696961e569cb{\npadding-bottom:10px;\n}\nbody .av-special-heading.av-3424q6-6d1695c276f2141ade99696961e569cb .av-special-heading-tag .heading-char{\nfont-size:25px;\n}\n.av-special-heading.av-3424q6-6d1695c276f2141ade99696961e569cb .av-subheading{\nfont-size:15px;\n}\n<\/style>\n<div  class='av-special-heading av-3424q6-6d1695c276f2141ade99696961e569cb av-special-heading-h5 blockquote modern-quote modern-centered  avia-builder-el-1  el_before_av_hr  avia-builder-el-first '><h5 class='av-special-heading-tag '  itemprop=\"headline\"  >MOSTRES DE MIDA D\u2019ESCANEIG<\/h5><div class=\"special-heading-border\"><div class=\"special-heading-inner-border\"><\/div><\/div><\/div>\n\n<style type=\"text\/css\" data-created_by=\"avia_inline_auto\" id=\"style-css-av-87w9kr2-883aae35609fdec0860e9fd97c2b8bf3\">\n#top .hr.av-87w9kr2-883aae35609fdec0860e9fd97c2b8bf3{\nmargin-top:0px;\nmargin-bottom:30px;\n}\n.hr.av-87w9kr2-883aae35609fdec0860e9fd97c2b8bf3 .hr-inner{\nwidth:40px;\nborder-color:#2c2c2d;\n}\n<\/style>\n<div  class='hr av-87w9kr2-883aae35609fdec0860e9fd97c2b8bf3 hr-custom  avia-builder-el-2  el_after_av_heading  el_before_av_one_fourth  hr-center hr-icon-no'><span class='hr-inner inner-border-av-border-thin'><span class=\"hr-inner-style\"><\/span><\/span><\/div>\n\n<style type=\"text\/css\" data-created_by=\"avia_inline_auto\" id=\"style-css-av-7pvlt66-cb137f3fe486f87c97a1d35f34e4ed26\">\n.flex_column.av-7pvlt66-cb137f3fe486f87c97a1d35f34e4ed26{\nborder-radius:0px 0px 0px 0px;\npadding:0px 0px 0px 0px;\n}\n<\/style>\n<div  class='flex_column av-7pvlt66-cb137f3fe486f87c97a1d35f34e4ed26 av_one_fourth  avia-builder-el-3  el_after_av_hr  el_before_av_one_half  samples-control first flex_column_div av-zero-column-padding  '     ><div  class='togglecontainer av-76tbg5q-cf8188188f8b24f21904f8384aaa2934  avia-builder-el-4  avia-builder-el-no-sibling  toggle_close_all' >\n<section class='av_toggle_section av-6r7vopa-d9fbdb83b37a7964dc7040a8d0ef3291'  itemscope=\"itemscope\" itemtype=\"https:\/\/schema.org\/CreativeWork\" ><div role=\"tablist\" class=\"single_toggle\" data-tags=\"{All} \"  ><p id='toggle-toggle-id-1' data-fake-id='#toggle-id-1' class='toggler  activeTitle av-title-above '  itemprop=\"headline\"  role='tab' tabindex='0' aria-controls='toggle-id-1' data-slide-speed=\"200\" data-title=\"FRONTIER\" data-title-open=\"\" data-aria_collapsed=\"Click to expand: FRONTIER\" data-aria_expanded=\"Click to collapse: FRONTIER\">FRONTIER<span class=\"toggle_icon\"><span class=\"vert_icon\"><\/span><span class=\"hor_icon\"><\/span><\/span><\/p><div id='toggle-id-1' aria-labelledby='toggle-toggle-id-1' role='region' class='toggle_wrap  active_tc av-title-above' style='display:block;' ><div class='toggle_content invers-color '  itemprop=\"text\" ><ul class=\"sample_wrapper\">\n<li class=\"sample_opt active\" data-cat=\"format\" data-current=\"35\">\n<p class=\"title format\"><span class=\"title-text\">FORMAT (35)<\/span><\/p>\n<ul class=\"subitems\">\n<li><a href=\"#\" data-opt=\"format\" data-value=\"645\">645<\/a><\/li>\n<li><a href=\"#\" data-opt=\"format\" data-value=\"66\">66<\/a><\/li>\n<li><a href=\"#\" data-opt=\"format\" data-value=\"67\">67<\/a><\/li>\n<li><a class=\"active\" href=\"#\" data-opt=\"format\" data-value=\"35\">35<\/a><\/li>\n<\/ul>\n<\/li>\n<li class=\"sample_opt\" data-cat=\"process\" data-current=\"B&amp;W\">\n<p class=\"title process\"><span class=\"title-text\">PROC\u00c9S (B&amp;N)<\/span><\/p>\n<ul class=\"subitems\">\n<li><a href=\"#\" data-opt=\"process\" data-value=\"C41\">C41<\/a><\/li>\n<li><a class=\"active\" href=\"#\" data-opt=\"process\" data-value=\"B&amp;W\">BN<\/a><\/li>\n<\/ul>\n<\/li>\n<li class=\"sample_opt\" data-cat=\"size\" data-current=\"M\">\n<p class=\"title size\"><span class=\"title-text\">MIDA (M)<\/span><\/p>\n<ul class=\"subitems\">\n<li><a class=\"active\" href=\"#\" data-opt=\"size\" data-value=\"M\">M<\/a><\/li>\n<li><a href=\"#\" data-opt=\"size\" data-value=\"L\">L<\/a><\/li>\n<li><a href=\"#\" data-opt=\"size\" data-value=\"XL\">XL<\/a><\/li>\n<\/ul>\n<\/li>\n<\/ul>\n<\/div><\/div><\/div><\/section>\n<section class='av_toggle_section av-61zghvy-88f8d24e48d906c70f3175fde8f9f9df'  itemscope=\"itemscope\" itemtype=\"https:\/\/schema.org\/CreativeWork\" ><div role=\"tablist\" class=\"single_toggle\" data-tags=\"{All} \"  ><p id='toggle-toggle-id-2' data-fake-id='#toggle-id-2' class='toggler  av-title-above '  itemprop=\"headline\"  role='tab' tabindex='0' aria-controls='toggle-id-2' data-slide-speed=\"200\" data-title=\"NORITSU\" data-title-open=\"\" data-aria_collapsed=\"Click to expand: NORITSU\" data-aria_expanded=\"Click to collapse: NORITSU\">NORITSU<span class=\"toggle_icon\"><span class=\"vert_icon\"><\/span><span class=\"hor_icon\"><\/span><\/span><\/p><div id='toggle-id-2' aria-labelledby='toggle-toggle-id-2' role='region' class='toggle_wrap  av-title-above'  ><div class='toggle_content invers-color '  itemprop=\"text\" ><ul class=\"sample_wrapper\">\n<li class=\"sample_opt active\" data-cat=\"format\" data-current=\"35\">\n<p class=\"title format\"><span class=\"title-text\">FORMAT (35)<\/span><\/p>\n<ul class=\"subitems\">\n<li><a href=\"#\" data-opt=\"format\" data-value=\"645\">645<\/a><\/li>\n<li><a href=\"#\" data-opt=\"format\" data-value=\"66\">66<\/a><\/li>\n<li><a href=\"#\" data-opt=\"format\" data-value=\"67\">67<\/a><\/li>\n<li><a class=\"active\" href=\"#\" data-opt=\"format\" data-value=\"35\">35<\/a><\/li>\n<\/ul>\n<\/li>\n<li class=\"sample_opt\" data-cat=\"process\" data-current=\"B&amp;W\">\n<p class=\"title process\"><span class=\"title-text\">PROC\u00c9S (B&amp;N)<\/span><\/p>\n<ul class=\"subitems\">\n<li><a href=\"#\" data-opt=\"process\" data-value=\"C41\">C41<\/a><\/li>\n<li><a class=\"active\" href=\"#\" data-opt=\"process\" data-value=\"B&amp;W\">BN<\/a><\/li>\n<\/ul>\n<\/li>\n<li class=\"sample_opt\" data-cat=\"size\" data-current=\"M\">\n<p class=\"title size\"><span class=\"title-text\">MIDA (M)<\/span><\/p>\n<ul class=\"subitems\">\n<li><a class=\"active\" href=\"#\" data-opt=\"size\" data-value=\"M\">M<\/a><\/li>\n<li><a href=\"#\" data-opt=\"size\" data-value=\"L\">L<\/a><\/li>\n<li><a href=\"#\" data-opt=\"size\" data-value=\"XL\">XL<\/a><\/li>\n<li><a href=\"#\" data-opt=\"size\" data-value=\"XL\">XXL<\/a><\/li>\n<\/ul>\n<\/li>\n<\/ul>\n<\/div><\/div><\/div><\/section>\n<\/div><\/div>\n<style type=\"text\/css\" data-created_by=\"avia_inline_auto\" id=\"style-css-av-5w5ncb2-d10befca648f4fbd4fb00cde8bc33ec3\">\n.flex_column.av-5w5ncb2-d10befca648f4fbd4fb00cde8bc33ec3{\nborder-radius:0px 0px 0px 0px;\npadding:0px 0px 0px 0px;\n}\n<\/style>\n<div  class='flex_column av-5w5ncb2-d10befca648f4fbd4fb00cde8bc33ec3 av_one_half  avia-builder-el-5  el_after_av_one_fourth  el_before_av_one_fourth  flex_column_div av-zero-column-padding  '     ><style type=\"text\/css\" data-created_by=\"avia_inline_auto\" id=\"style-css-av-5clz4fi-b64350e4269a2025e7112b416d5c50b0\">\n.avia-image-container.av-5clz4fi-b64350e4269a2025e7112b416d5c50b0 img.avia_image{\nbox-shadow:none;\n}\n<\/style>\n<div  class='avia-image-container av-5clz4fi-b64350e4269a2025e7112b416d5c50b0 av-styling- av-img-linked avia-align-left  avia-builder-el-6  avia-builder-el-no-sibling  image-display'   itemprop=\"image\" itemscope=\"itemscope\" itemtype=\"https:\/\/schema.org\/ImageObject\" ><div class=\"avia-image-container-inner\"><div class=\"avia-image-overlay-wrap\"><a href=\"#\" class='avia_image '  target=\"_blank\"  rel=\"noopener noreferrer\" aria-label='Contax645-Fuji400H-CarmencitaFilmLab-MariaSundin'><img decoding=\"async\" fetchpriority=\"high\" class='wp-image-16262 avia-img-lazy-loading-not-16262 avia_image ' src=\"https:\/\/carmencitafilmlab.com\/wp-content\/uploads\/Contax645-Fuji400H-CarmencitaFilmLab-MariaSundin-3.jpg\" alt='Contax645 Fuji400H CarmencitaFilmLab MariaSundin' title='Contax645-Fuji400H-CarmencitaFilmLab-MariaSundin'  height=\"947\" width=\"700\"  itemprop=\"thumbnailUrl\" srcset=\"https:\/\/carmencitafilmlab.com\/wp-content\/uploads\/Contax645-Fuji400H-CarmencitaFilmLab-MariaSundin-3.jpg 700w, https:\/\/carmencitafilmlab.com\/wp-content\/uploads\/Contax645-Fuji400H-CarmencitaFilmLab-MariaSundin-3-450x609.jpg 450w, https:\/\/carmencitafilmlab.com\/wp-content\/uploads\/Contax645-Fuji400H-CarmencitaFilmLab-MariaSundin-3-222x300.jpg 222w\" sizes=\"(max-width: 700px) 100vw, 700px\" \/><\/a><\/div><\/div><\/div><\/div>\n<style type=\"text\/css\" data-created_by=\"avia_inline_auto\" id=\"style-css-av-4xa6kz2-f47868f8ea0277458ca53d095dcb2d02\">\n.flex_column.av-4xa6kz2-f47868f8ea0277458ca53d095dcb2d02{\nborder-radius:0px 0px 0px 0px;\npadding:90px 0px 0px 0px;\n}\n<\/style>\n<div  class='flex_column av-4xa6kz2-f47868f8ea0277458ca53d095dcb2d02 av_one_fourth  avia-builder-el-7  el_after_av_one_half  avia-builder-el-last  flex_column_div  '     ><p>\n<style type=\"text\/css\" data-created_by=\"avia_inline_auto\" id=\"style-css-av-4bn2qr2-5b6e1b4f3d9a763f8aa2ff6927348470\">\n#top .av-special-heading.av-4bn2qr2-5b6e1b4f3d9a763f8aa2ff6927348470{\npadding-bottom:0;\n}\nbody .av-special-heading.av-4bn2qr2-5b6e1b4f3d9a763f8aa2ff6927348470 .av-special-heading-tag .heading-char{\nfont-size:25px;\n}\n.av-special-heading.av-4bn2qr2-5b6e1b4f3d9a763f8aa2ff6927348470 .av-subheading{\nfont-size:15px;\n}\n<\/style>\n<div  class='av-special-heading av-4bn2qr2-5b6e1b4f3d9a763f8aa2ff6927348470 av-special-heading-h6  avia-builder-el-8  el_before_av_textblock  avia-builder-el-first  display-scan'><h6 class='av-special-heading-tag '  itemprop=\"headline\"  >FRONTIER \/ 135 \/ B&amp;N \/ M &#8211; 2400 x 3600 px<\/h6><div class=\"special-heading-border\"><div class=\"special-heading-inner-border\"><\/div><\/div><\/div><br \/>\n\n<style type=\"text\/css\" data-created_by=\"avia_inline_auto\" id=\"style-css-av-42n0i6m-529c22ed9db1f95730953626bfc33242\">\n#top .av_textblock_section.av-42n0i6m-529c22ed9db1f95730953626bfc33242 .avia_textblock{\npadding:100px 0 0 0;\n}\n<\/style>\n<section  class='av_textblock_section av-42n0i6m-529c22ed9db1f95730953626bfc33242 '   itemscope=\"itemscope\" itemtype=\"https:\/\/schema.org\/CreativeWork\" ><div class='avia_textblock'  itemprop=\"text\" ><p>Mostres a RESOLUCI\u00d3 COMPLETA de cada format de pel\u00b7l\u00edcula i esc\u00e0ner amb qu\u00e8 treballem; navega, fes zoom i explora!<\/p>\n<p><em>*Algunes imatges en XL\/XXL poden trigar una mica a carregar-se perqu\u00e8 s\u00f3n fitxers <strong>GRANS<\/strong>!<\/em><\/p>\n<\/div><\/section><\/p><\/div><\/div><\/div><\/main><!-- close content main element --><\/div><\/div>\n<style type=\"text\/css\" data-created_by=\"avia_inline_auto\" id=\"style-css-av-3k4yvqm-c6206a6a5b1dd325a627eab12c4731f2\">\n.avia-section.av-3k4yvqm-c6206a6a5b1dd325a627eab12c4731f2{\nbackground-color:#f4f4f4;\nbackground-image:unset;\n}\n<\/style>\n<div id='cross_section'  class='avia-section av-3k4yvqm-c6206a6a5b1dd325a627eab12c4731f2 main_color avia-section-no-padding avia-no-border-styling  avia-builder-el-10  el_after_av_section  avia-builder-el-last  avia-bg-style-scroll av-minimum-height av-minimum-height-custom av-height-custom  container_wrap fullsize'   data-av_minimum_height_px='150'><div class='container av-section-cont-open' style='height:150px'><div class='template-page content  av-content-full alpha units'><div class='post-entry post-entry-type-page post-entry-79344'><div class='entry-content-wrapper clearfix'>\n\n<style type=\"text\/css\" data-created_by=\"avia_inline_auto\" id=\"style-css-av-b041fy-796b521bc333324a411206e4d1879c18\">\n.flex_column.av-b041fy-796b521bc333324a411206e4d1879c18{\nborder-radius:0px 0px 0px 0px;\npadding:0px 0px 0px 0px;\n}\n<\/style>\n<div  class='flex_column av-b041fy-796b521bc333324a411206e4d1879c18 av_one_fourth  avia-builder-el-11  el_before_av_one_half  avia-builder-el-first  first flex_column_div av-zero-column-padding  '     ><\/div>\n<style type=\"text\/css\" data-created_by=\"avia_inline_auto\" id=\"style-css-av-2nn241a-0e8681d5793256e339a55602f38b7777\">\n.flex_column.av-2nn241a-0e8681d5793256e339a55602f38b7777{\nborder-radius:0px 0px 0px 0px;\npadding:0px 0px 0px 0px;\n}\n<\/style>\n<div  class='flex_column av-2nn241a-0e8681d5793256e339a55602f38b7777 av_one_half  avia-builder-el-12  el_after_av_one_fourth  el_before_av_one_fourth  flex_column_div av-zero-column-padding  '     ><p><div  class='avia-button-wrap av-24whzn2-c52f979ffae577f008baade7194890c6-wrap avia-button-left  avia-builder-el-13  el_before_av_image  avia-builder-el-first '><a href='https:\/\/carmencitafilmlab.com\/ca\/preus\/'  class='avia-button av-24whzn2-c52f979ffae577f008baade7194890c6 av-link-btn avia-icon_select-yes-left-icon avia-size-large avia-position-left avia-color-theme-color'   aria-label=\"Torna a preus\"><span class='avia_button_icon avia_button_icon_left avia-iconfont avia-font-fontello' data-av_icon='\ue804' data-av_iconfont='fontello' ><\/span><span class='avia_iconbox_title' >Torna a preus<\/span><\/a><\/div><br \/>\n\n<style type=\"text\/css\" data-created_by=\"avia_inline_auto\" id=\"style-css-av-1pwfosu-26e3f91fe6d3f266ced3b498f940831f\">\n.avia-image-container.av-1pwfosu-26e3f91fe6d3f266ced3b498f940831f img.avia_image{\nbox-shadow:none;\n}\n.avia-image-container.av-1pwfosu-26e3f91fe6d3f266ced3b498f940831f .av-image-caption-overlay-center{\ncolor:#ffffff;\n}\n<\/style>\n<div  class='avia-image-container av-1pwfosu-26e3f91fe6d3f266ced3b498f940831f av-styling- avia-align-center  avia-builder-el-14  el_after_av_button  el_before_av_button '   itemprop=\"image\" itemscope=\"itemscope\" itemtype=\"https:\/\/schema.org\/ImageObject\" ><div class=\"avia-image-container-inner\"><div class=\"avia-image-overlay-wrap\"><img decoding=\"async\" fetchpriority=\"high\" class='wp-image- avia-img-lazy-loading-not- avia_image ' src=\"https:\/\/beta.carmencitafilmlab.com\/wp-content\/uploads\/2017\/07\/slash_separator.png\" alt='' title=''   itemprop=\"thumbnailUrl\"  \/><\/div><\/div><\/div><br \/>\n<div  class='avia-button-wrap av-1a9bwum-38a38c04e44c32f40812d3ae19de32aa-wrap avia-button-right  avia-builder-el-15  el_after_av_image  avia-builder-el-last '><a href='https:\/\/carmencitafilmlab.com\/ca\/fem\/escaneig\/'  class='avia-button av-1a9bwum-38a38c04e44c32f40812d3ae19de32aa av-link-btn avia-icon_select-yes-right-icon avia-size-large avia-position-right avia-color-theme-color'   aria-label=\"Escaneig\"><span class='avia_iconbox_title' >Escaneig<\/span><span class='avia_button_icon avia_button_icon_right avia-iconfont avia-font-fontello' data-av_icon='\ue803' data-av_iconfont='fontello' ><\/span><\/a><\/div><\/p><\/div>\n<style type=\"text\/css\" data-created_by=\"avia_inline_auto\" id=\"style-css-av-qgjrf2-9c19f4a2a6a93d3b9d782a89093f3876\">\n.flex_column.av-qgjrf2-9c19f4a2a6a93d3b9d782a89093f3876{\nborder-radius:0px 0px 0px 0px;\npadding:0px 0px 0px 0px;\n}\n<\/style>\n<div  class='flex_column av-qgjrf2-9c19f4a2a6a93d3b9d782a89093f3876 av_one_fourth  avia-builder-el-16  el_after_av_one_half  avia-builder-el-last  flex_column_div av-zero-column-padding  '     ><\/div>\n<\/p>\n","protected":false},"excerpt":{"rendered":"","protected":false},"author":4,"featured_media":0,"parent":81508,"menu_order":0,"comment_status":"closed","ping_status":"closed","template":"","meta":{"_monsterinsights_skip_tracking":false,"_monsterinsights_sitenote_active":false,"_monsterinsights_sitenote_note":"","_monsterinsights_sitenote_category":0,"_joinchat":[],"footnotes":""},"class_list":["post-79344","page","type-page","status-publish","hentry"],"_links":{"self":[{"href":"https:\/\/carmencitafilmlab.com\/ca\/wp-json\/wp\/v2\/pages\/79344","targetHints":{"allow":["GET"]}}],"collection":[{"href":"https:\/\/carmencitafilmlab.com\/ca\/wp-json\/wp\/v2\/pages"}],"about":[{"href":"https:\/\/carmencitafilmlab.com\/ca\/wp-json\/wp\/v2\/types\/page"}],"author":[{"embeddable":true,"href":"https:\/\/carmencitafilmlab.com\/ca\/wp-json\/wp\/v2\/users\/4"}],"replies":[{"embeddable":true,"href":"https:\/\/carmencitafilmlab.com\/ca\/wp-json\/wp\/v2\/comments?post=79344"}],"version-history":[{"count":2,"href":"https:\/\/carmencitafilmlab.com\/ca\/wp-json\/wp\/v2\/pages\/79344\/revisions"}],"predecessor-version":[{"id":81537,"href":"https:\/\/carmencitafilmlab.com\/ca\/wp-json\/wp\/v2\/pages\/79344\/revisions\/81537"}],"up":[{"embeddable":true,"href":"https:\/\/carmencitafilmlab.com\/ca\/wp-json\/wp\/v2\/pages\/81508"}],"wp:attachment":[{"href":"https:\/\/carmencitafilmlab.com\/ca\/wp-json\/wp\/v2\/media?parent=79344"}],"curies":[{"name":"wp","href":"https:\/\/api.w.org\/{rel}","templated":true}]}}